{"id":6347,"date":"2025-07-21T09:40:20","date_gmt":"2025-07-21T13:40:20","guid":{"rendered":"https:\/\/eauprime.com\/careers\/"},"modified":"2026-03-24T13:17:03","modified_gmt":"2026-03-24T17:17:03","slug":"careers","status":"publish","type":"page","link":"https:\/\/eauprime.com\/en\/careers\/","title":{"rendered":"Careers"},"content":{"rendered":"\t\t<div data-elementor-type=\"wp-page\" data-elementor-id=\"6347\" class=\"elementor elementor-6347 elementor-6320\" data-elementor-post-type=\"page\">\n\t\t\t\t<div class=\"elementor-element elementor-element-89083e8 e-flex e-con-boxed e-con e-parent\" data-id=\"89083e8\" data-element_type=\"container\" data-e-type=\"container\">\n\t\t\t\t\t<div class=\"e-con-inner\">\n\t\t\t\t<div class=\"elementor-element elementor-element-3ec612d elementor-widget elementor-widget-image\" data-id=\"3ec612d\" data-element_type=\"widget\" data-e-type=\"widget\" data-widget_type=\"image.default\">\n\t\t\t\t<div class=\"elementor-widget-container\">\n\t\t\t\t\t\t\t\t\t\t\t\t\t\t\t<img fetchpriority=\"high\" decoding=\"async\" width=\"1000\" height=\"748\" src=\"https:\/\/eauprime.com\/wp-content\/uploads\/2025\/07\/Depositphotos_825308914_S.jpg\" class=\"attachment-large size-large wp-image-6340\" alt=\"\" srcset=\"https:\/\/eauprime.com\/wp-content\/uploads\/2025\/07\/Depositphotos_825308914_S.jpg 1000w, https:\/\/eauprime.com\/wp-content\/uploads\/2025\/07\/Depositphotos_825308914_S-300x224.jpg 300w\" sizes=\"(max-width: 1000px) 100vw, 1000px\" \/>\t\t\t\t\t\t\t\t\t\t\t\t\t\t\t<\/div>\n\t\t\t\t<\/div>\n\t\t<div class=\"elementor-element elementor-element-b5db9c0 e-con-full e-flex e-con e-child\" data-id=\"b5db9c0\" data-element_type=\"container\" data-e-type=\"container\">\n\t\t\t\t<div class=\"elementor-element elementor-element-1cc72d2 elementor-widget elementor-widget-heading\" data-id=\"1cc72d2\" data-element_type=\"widget\" data-e-type=\"widget\" data-widget_type=\"heading.default\">\n\t\t\t\t<div class=\"elementor-widget-container\">\n\t\t\t\t\t<h2 class=\"elementor-heading-title elementor-size-default\">Job offers<\/h2>\t\t\t\t<\/div>\n\t\t\t\t<\/div>\n\t\t\t\t<div class=\"elementor-element elementor-element-02b7655 elementor-widget elementor-widget-heading\" data-id=\"02b7655\" data-element_type=\"widget\" data-e-type=\"widget\" data-widget_type=\"heading.default\">\n\t\t\t\t<div class=\"elementor-widget-container\">\n\t\t\t\t\t<h2 class=\"elementor-heading-title elementor-size-default\">Join the EauPrime adventure<\/h2>\t\t\t\t<\/div>\n\t\t\t\t<\/div>\n\t\t\t\t<div class=\"elementor-element elementor-element-b2321d5 elementor-widget elementor-widget-text-editor\" data-id=\"b2321d5\" data-element_type=\"widget\" data-e-type=\"widget\" data-widget_type=\"text-editor.default\">\n\t\t\t\t<div class=\"elementor-widget-container\">\n\t\t\t\t\t\t\t\t\t<p>Join a hands-on, people-focused, and solutions-oriented team. At EauPrime, we work on concrete water quality, compliance, and performance challenges across several sectors. We are looking for reliable, resourceful, and professional individuals who can deliver real value both in the field and to our clients.  <\/p>\t\t\t\t\t\t\t\t<\/div>\n\t\t\t\t<\/div>\n\t\t\t\t<div class=\"elementor-element elementor-element-1abba15 elementor-widget-divider--view-line elementor-widget elementor-widget-divider\" data-id=\"1abba15\" data-element_type=\"widget\" data-e-type=\"widget\" data-widget_type=\"divider.default\">\n\t\t\t\t<div class=\"elementor-widget-container\">\n\t\t\t\t\t\t\t<div class=\"elementor-divider\">\n\t\t\t<span class=\"elementor-divider-separator\">\n\t\t\t\t\t\t<\/span>\n\t\t<\/div>\n\t\t\t\t\t\t<\/div>\n\t\t\t\t<\/div>\n\t\t\t\t<\/div>\n\t\t\t\t\t<\/div>\n\t\t\t\t<\/div>\n\t\t<div class=\"elementor-element elementor-element-cd92a61 e-flex e-con-boxed e-con e-parent\" data-id=\"cd92a61\" data-element_type=\"container\" data-e-type=\"container\" data-settings=\"{&quot;background_background&quot;:&quot;classic&quot;}\">\n\t\t\t\t\t<div class=\"e-con-inner\">\n\t\t\t\t<div class=\"elementor-element elementor-element-f96e38e elementor-widget elementor-widget-heading\" data-id=\"f96e38e\" data-element_type=\"widget\" data-e-type=\"widget\" data-widget_type=\"heading.default\">\n\t\t\t\t<div class=\"elementor-widget-container\">\n\t\t\t\t\t<h2 class=\"elementor-heading-title elementor-size-default\">Job offers<\/h2>\t\t\t\t<\/div>\n\t\t\t\t<\/div>\n\t\t<div class=\"elementor-element elementor-element-23e9bb1 e-con-full e-flex e-con e-child\" data-id=\"23e9bb1\" data-element_type=\"container\" data-e-type=\"container\">\n\t\t<div class=\"elementor-element elementor-element-ee98267 e-con-full e-flex e-con e-child\" data-id=\"ee98267\" data-element_type=\"container\" data-e-type=\"container\">\n\t\t\t\t<div class=\"elementor-element elementor-element-9f7f027 elementor-widget elementor-widget-heading\" data-id=\"9f7f027\" data-element_type=\"widget\" data-e-type=\"widget\" data-widget_type=\"heading.default\">\n\t\t\t\t<div class=\"elementor-widget-container\">\n\t\t\t\t\t<h2 class=\"elementor-heading-title elementor-size-default\">Job title<\/h2>\t\t\t\t<\/div>\n\t\t\t\t<\/div>\n\t\t\t\t<div class=\"elementor-element elementor-element-6d1b494 elementor-widget elementor-widget-heading\" data-id=\"6d1b494\" data-element_type=\"widget\" data-e-type=\"widget\" data-widget_type=\"heading.default\">\n\t\t\t\t<div class=\"elementor-widget-container\">\n\t\t\t\t\t<h2 class=\"elementor-heading-title elementor-size-default\">Unsolicited application<\/h2>\t\t\t\t<\/div>\n\t\t\t\t<\/div>\n\t\t\t\t<div class=\"elementor-element elementor-element-8ac6ea3 elementor-widget elementor-widget-heading\" data-id=\"8ac6ea3\" data-element_type=\"widget\" data-e-type=\"widget\" data-widget_type=\"heading.default\">\n\t\t\t\t<div class=\"elementor-widget-container\">\n\t\t\t\t\t<h2 class=\"elementor-heading-title elementor-size-default\">Water treatment operator<\/h2>\t\t\t\t<\/div>\n\t\t\t\t<\/div>\n\t\t\t\t<div class=\"elementor-element elementor-element-0a05926 elementor-widget elementor-widget-heading\" data-id=\"0a05926\" data-element_type=\"widget\" data-e-type=\"widget\" data-widget_type=\"heading.default\">\n\t\t\t\t<div class=\"elementor-widget-container\">\n\t\t\t\t\t<h2 class=\"elementor-heading-title elementor-size-default\">Electromechanical technician<\/h2>\t\t\t\t<\/div>\n\t\t\t\t<\/div>\n\t\t\t\t<div class=\"elementor-element elementor-element-f4fa761 elementor-widget elementor-widget-heading\" data-id=\"f4fa761\" data-element_type=\"widget\" data-e-type=\"widget\" data-widget_type=\"heading.default\">\n\t\t\t\t<div class=\"elementor-widget-container\">\n\t\t\t\t\t<h2 class=\"elementor-heading-title elementor-size-default\">Pool Maintenance Specialist<\/h2>\t\t\t\t<\/div>\n\t\t\t\t<\/div>\n\t\t\t\t<\/div>\n\t\t<div class=\"elementor-element elementor-element-42cad39 e-con-full e-flex e-con e-child\" data-id=\"42cad39\" data-element_type=\"container\" data-e-type=\"container\">\n\t\t\t\t<div class=\"elementor-element elementor-element-cfd63d0 elementor-widget elementor-widget-heading\" data-id=\"cfd63d0\" data-element_type=\"widget\" data-e-type=\"widget\" data-widget_type=\"heading.default\">\n\t\t\t\t<div class=\"elementor-widget-container\">\n\t\t\t\t\t<h2 class=\"elementor-heading-title elementor-size-default\">Deadline<\/h2>\t\t\t\t<\/div>\n\t\t\t\t<\/div>\n\t\t\t\t<div class=\"elementor-element elementor-element-dda2ac8 elementor-widget elementor-widget-heading\" data-id=\"dda2ac8\" data-element_type=\"widget\" data-e-type=\"widget\" data-widget_type=\"heading.default\">\n\t\t\t\t<div class=\"elementor-widget-container\">\n\t\t\t\t\t<h2 class=\"elementor-heading-title elementor-size-default\">--<\/h2>\t\t\t\t<\/div>\n\t\t\t\t<\/div>\n\t\t\t\t<div class=\"elementor-element elementor-element-6b2e998 elementor-widget elementor-widget-heading\" data-id=\"6b2e998\" data-element_type=\"widget\" data-e-type=\"widget\" data-widget_type=\"heading.default\">\n\t\t\t\t<div class=\"elementor-widget-container\">\n\t\t\t\t\t<h2 class=\"elementor-heading-title elementor-size-default\">--<\/h2>\t\t\t\t<\/div>\n\t\t\t\t<\/div>\n\t\t\t\t<div class=\"elementor-element elementor-element-9465385 elementor-widget elementor-widget-heading\" data-id=\"9465385\" data-element_type=\"widget\" data-e-type=\"widget\" data-widget_type=\"heading.default\">\n\t\t\t\t<div class=\"elementor-widget-container\">\n\t\t\t\t\t<h2 class=\"elementor-heading-title elementor-size-default\">--<\/h2>\t\t\t\t<\/div>\n\t\t\t\t<\/div>\n\t\t\t\t<div class=\"elementor-element elementor-element-6ab6482 elementor-widget elementor-widget-heading\" data-id=\"6ab6482\" data-element_type=\"widget\" data-e-type=\"widget\" data-widget_type=\"heading.default\">\n\t\t\t\t<div class=\"elementor-widget-container\">\n\t\t\t\t\t<h2 class=\"elementor-heading-title elementor-size-default\">position filled<\/h2>\t\t\t\t<\/div>\n\t\t\t\t<\/div>\n\t\t\t\t<\/div>\n\t\t<div class=\"elementor-element elementor-element-e44ccf1 e-con-full e-flex e-con e-child\" data-id=\"e44ccf1\" data-element_type=\"container\" data-e-type=\"container\">\n\t\t\t\t<div class=\"elementor-element elementor-element-d09bb02 elementor-widget elementor-widget-heading\" data-id=\"d09bb02\" data-element_type=\"widget\" data-e-type=\"widget\" data-widget_type=\"heading.default\">\n\t\t\t\t<div class=\"elementor-widget-container\">\n\t\t\t\t\t<h2 class=\"elementor-heading-title elementor-size-default\">REF<\/h2>\t\t\t\t<\/div>\n\t\t\t\t<\/div>\n\t\t\t\t<div class=\"elementor-element elementor-element-f768cf3 elementor-widget elementor-widget-heading\" data-id=\"f768cf3\" data-element_type=\"widget\" data-e-type=\"widget\" data-widget_type=\"heading.default\">\n\t\t\t\t<div class=\"elementor-widget-container\">\n\t\t\t\t\t<h2 class=\"elementor-heading-title elementor-size-default\">Ref-Sp<\/h2>\t\t\t\t<\/div>\n\t\t\t\t<\/div>\n\t\t\t\t<div class=\"elementor-element elementor-element-c8945f4 elementor-widget elementor-widget-heading\" data-id=\"c8945f4\" data-element_type=\"widget\" data-e-type=\"widget\" data-widget_type=\"heading.default\">\n\t\t\t\t<div class=\"elementor-widget-container\">\n\t\t\t\t\t<h2 class=\"elementor-heading-title elementor-size-default\">Ref-ops<\/h2>\t\t\t\t<\/div>\n\t\t\t\t<\/div>\n\t\t\t\t<div class=\"elementor-element elementor-element-9062138 elementor-widget elementor-widget-heading\" data-id=\"9062138\" data-element_type=\"widget\" data-e-type=\"widget\" data-widget_type=\"heading.default\">\n\t\t\t\t<div class=\"elementor-widget-container\">\n\t\t\t\t\t<h2 class=\"elementor-heading-title elementor-size-default\">Ref-\u00e9lectr<\/h2>\t\t\t\t<\/div>\n\t\t\t\t<\/div>\n\t\t\t\t<div class=\"elementor-element elementor-element-8aeec4b elementor-widget elementor-widget-heading\" data-id=\"8aeec4b\" data-element_type=\"widget\" data-e-type=\"widget\" data-widget_type=\"heading.default\">\n\t\t\t\t<div class=\"elementor-widget-container\">\n\t\t\t\t\t<h2 class=\"elementor-heading-title elementor-size-default\">Ref-31\/08\/25-Pool<\/h2>\t\t\t\t<\/div>\n\t\t\t\t<\/div>\n\t\t\t\t<\/div>\n\t\t\t\t<\/div>\n\t\t\t\t\t<\/div>\n\t\t\t\t<\/div>\n\t\t<div class=\"elementor-element elementor-element-6cc0781 e-flex e-con-boxed e-con e-parent\" data-id=\"6cc0781\" data-element_type=\"container\" data-e-type=\"container\" data-settings=\"{&quot;background_background&quot;:&quot;classic&quot;}\">\n\t\t\t\t\t<div class=\"e-con-inner\">\n\t\t<div class=\"elementor-element elementor-element-86c55ac e-con-full e-flex e-con e-child\" data-id=\"86c55ac\" data-element_type=\"container\" data-e-type=\"container\">\n\t\t\t\t<div class=\"elementor-element elementor-element-ee334a0 elementor-button-align-end elementor-widget elementor-widget-form\" data-id=\"ee334a0\" data-element_type=\"widget\" data-e-type=\"widget\" data-settings=\"{&quot;step_next_label&quot;:&quot;Next&quot;,&quot;step_previous_label&quot;:&quot;Previous&quot;,&quot;button_width&quot;:&quot;100&quot;,&quot;step_type&quot;:&quot;number_text&quot;,&quot;step_icon_shape&quot;:&quot;circle&quot;}\" data-widget_type=\"form.default\">\n\t\t\t\t<div class=\"elementor-widget-container\">\n\t\t\t\t\t\t\t<form class=\"elementor-form\" method=\"post\" name=\"New form\" aria-label=\"New form\">\n\t\t\t<input type=\"hidden\" name=\"post_id\" value=\"6347\"\/>\n\t\t\t<input type=\"hidden\" name=\"form_id\" value=\"ee334a0\"\/>\n\t\t\t<input type=\"hidden\" name=\"referer_title\" value=\"Rejoignez Eauprime \u00e0 Montr\u00e9al et contribuez au traitement de l\u2019eau\" \/>\n\n\t\t\t\t\t\t\t<input type=\"hidden\" name=\"queried_id\" value=\"6347\"\/>\n\t\t\t\n\t\t\t<div class=\"elementor-form-fields-wrapper elementor-labels-above\">\n\t\t\t\t\t\t\t\t<div class=\"elementor-field-type-text elementor-field-group elementor-column elementor-field-group-name elementor-col-100 elementor-field-required elementor-mark-required\">\n\t\t\t\t\t\t\t\t\t\t\t\t<label for=\"form-field-name\" class=\"elementor-field-label\">\n\t\t\t\t\t\t\t\tName\t\t\t\t\t\t\t<\/label>\n\t\t\t\t\t\t\t\t\t\t\t\t\t\t<input size=\"1\" type=\"text\" name=\"form_fields[name]\" id=\"form-field-name\" class=\"elementor-field elementor-size-sm  elementor-field-textual\" placeholder=\"First and last name\" required=\"required\">\n\t\t\t\t\t\t\t\t\t\t\t<\/div>\n\t\t\t\t\t\t\t\t<div class=\"elementor-field-type-email elementor-field-group elementor-column elementor-field-group-email elementor-col-50 elementor-field-required elementor-mark-required\">\n\t\t\t\t\t\t\t\t\t\t\t\t<label for=\"form-field-email\" class=\"elementor-field-label\">\n\t\t\t\t\t\t\t\tEmail Address\t\t\t\t\t\t\t<\/label>\n\t\t\t\t\t\t\t\t\t\t\t\t\t\t<input size=\"1\" type=\"email\" name=\"form_fields[email]\" id=\"form-field-email\" class=\"elementor-field elementor-size-sm  elementor-field-textual\" placeholder=\"Enter your email address\" required=\"required\">\n\t\t\t\t\t\t\t\t\t\t\t<\/div>\n\t\t\t\t\t\t\t\t<div class=\"elementor-field-type-tel elementor-field-group elementor-column elementor-field-group-field_3f9c1ec elementor-col-50\">\n\t\t\t\t\t\t\t\t\t\t\t\t<label for=\"form-field-field_3f9c1ec\" class=\"elementor-field-label\">\n\t\t\t\t\t\t\t\tPhone\t\t\t\t\t\t\t<\/label>\n\t\t\t\t\t\t\t\t<input size=\"1\" type=\"tel\" name=\"form_fields[field_3f9c1ec]\" id=\"form-field-field_3f9c1ec\" class=\"elementor-field elementor-size-sm  elementor-field-textual\" placeholder=\"xxx-xxx-xxxx\" pattern=\"[0-9()#&amp;+*-=.]+\" title=\"Only numbers and phone characters (#, -, *, etc) are accepted.\">\n\n\t\t\t\t\t\t<\/div>\n\t\t\t\t\t\t\t\t<div class=\"elementor-field-type-upload elementor-field-group elementor-column elementor-field-group-field_4003183 elementor-col-50 elementor-field-required elementor-mark-required\">\n\t\t\t\t\t\t\t\t\t\t\t\t<label for=\"form-field-field_4003183\" class=\"elementor-field-label\">\n\t\t\t\t\t\t\t\tRESUME\t\t\t\t\t\t\t<\/label>\n\t\t\t\t\t\t\t\t<input type=\"file\" name=\"form_fields[field_4003183]\" id=\"form-field-field_4003183\" class=\"elementor-field elementor-size-sm  elementor-upload-field\" required=\"required\" data-maxsize=\"4\" data-maxsize-message=\"This file exceeds the maximum allowed size.\">\n\n\t\t\t\t\t\t<\/div>\n\t\t\t\t\t\t\t\t<div class=\"elementor-field-type-text elementor-field-group elementor-column elementor-field-group-field_1051b58 elementor-col-50\">\n\t\t\t\t\t\t\t\t\t\t\t\t<label for=\"form-field-field_1051b58\" class=\"elementor-field-label\">\n\t\t\t\t\t\t\t\tJob (REF)\t\t\t\t\t\t\t<\/label>\n\t\t\t\t\t\t\t\t\t\t\t\t\t\t<input size=\"1\" type=\"text\" name=\"form_fields[field_1051b58]\" id=\"form-field-field_1051b58\" class=\"elementor-field elementor-size-sm  elementor-field-textual\">\n\t\t\t\t\t\t\t\t\t\t\t<\/div>\n\t\t\t\t\t\t\t\t<div class=\"elementor-field-type-checkbox elementor-field-group elementor-column elementor-field-group-field_0dc0869 elementor-col-100\">\n\t\t\t\t\t<div class=\"elementor-field-subgroup  \"><span class=\"elementor-field-option\"><input type=\"checkbox\" value=\"I consent to the collection and use of my personal information for recruitment purposes.\" id=\"form-field-field_0dc0869-0\" name=\"form_fields[field_0dc0869]\"> <label for=\"form-field-field_0dc0869-0\">I consent to the collection and use of my personal information for recruitment purposes.<\/label><\/span><\/div>\t\t\t\t<\/div>\n\t\t\t\t\t\t\t\t<div class=\"elementor-field-group elementor-column elementor-field-type-submit elementor-col-100 e-form__buttons\">\n\t\t\t\t\t<button class=\"elementor-button elementor-size-sm\" type=\"submit\">\n\t\t\t\t\t\t<span class=\"elementor-button-content-wrapper\">\n\t\t\t\t\t\t\t\t\t\t\t\t\t\t\t\t\t\t\t\t\t\t<span class=\"elementor-button-text\">Send<\/span>\n\t\t\t\t\t\t\t\t\t\t\t\t\t<\/span>\n\t\t\t\t\t<\/button>\n\t\t\t\t<\/div>\n\t\t\t<\/div>\n\t\t<\/form>\n\t\t\t\t\t\t<\/div>\n\t\t\t\t<\/div>\n\t\t\t\t<\/div>\n\t\t<div class=\"elementor-element elementor-element-1fc4de1 e-con-full e-flex e-con e-child\" data-id=\"1fc4de1\" data-element_type=\"container\" data-e-type=\"container\">\n\t\t\t\t<div class=\"elementor-element elementor-element-8270a5b elementor-widget elementor-widget-heading\" data-id=\"8270a5b\" data-element_type=\"widget\" data-e-type=\"widget\" data-widget_type=\"heading.default\">\n\t\t\t\t<div class=\"elementor-widget-container\">\n\t\t\t\t\t<h2 class=\"elementor-heading-title elementor-size-default\">Apply now<\/h2>\t\t\t\t<\/div>\n\t\t\t\t<\/div>\n\t\t\t\t<\/div>\n\t\t\t\t\t<\/div>\n\t\t\t\t<\/div>\n\t\t\t\t<\/div>\n\t\t","protected":false},"excerpt":{"rendered":"<p>Job offers Join the EauPrime adventure Join a hands-on, people-focused, and solutions-oriented team. At EauPrime, we work on concrete water quality, compliance, and performance challenges across several sectors. We are looking for reliable, resourceful, and professional individuals who can deliver real value both in the field and to our clients. Job offers Job title Unsolicited <a href=\"https:\/\/eauprime.com\/en\/careers\/\" class=\"more-link\">&#8230;<span class=\"screen-reader-text\">  Careers<\/span><\/a><\/p>\n","protected":false},"author":3,"featured_media":0,"parent":0,"menu_order":0,"comment_status":"closed","ping_status":"closed","template":"","meta":{"footnotes":""},"class_list":["post-6347","page","type-page","status-publish","hentry"],"yoast_head":"<!-- This site is optimized with the Yoast SEO plugin v27.4 - https:\/\/yoast.com\/product\/yoast-seo-wordpress\/ -->\n<title>Rejoignez Eauprime \u00e0 Montr\u00e9al et contribuez au traitement de l\u2019eau<\/title>\n<meta name=\"description\" content=\"Rejoignez Eauprime \u00e0 Montr\u00e9al et b\u00e2tissez une carri\u00e8re enrichissante au sein d\u2019une \u00e9quipe qui valorise croissance, innovation et collaboration.\" \/>\n<meta name=\"robots\" content=\"index, follow, max-snippet:-1, max-image-preview:large, max-video-preview:-1\" \/>\n<link rel=\"canonical\" href=\"https:\/\/eauprime.com\/en\/careers\/\" \/>\n<meta property=\"og:locale\" content=\"en_US\" \/>\n<meta property=\"og:type\" content=\"article\" \/>\n<meta property=\"og:title\" content=\"Rejoignez Eauprime \u00e0 Montr\u00e9al et contribuez au traitement de l\u2019eau\" \/>\n<meta property=\"og:description\" content=\"Rejoignez Eauprime \u00e0 Montr\u00e9al et b\u00e2tissez une carri\u00e8re enrichissante au sein d\u2019une \u00e9quipe qui valorise croissance, innovation et collaboration.\" \/>\n<meta property=\"og:url\" content=\"https:\/\/eauprime.com\/en\/careers\/\" \/>\n<meta property=\"og:site_name\" content=\"Eauprime\" \/>\n<meta property=\"article:modified_time\" content=\"2026-03-24T17:17:03+00:00\" \/>\n<meta property=\"og:image\" content=\"https:\/\/eauprime.com\/wp-content\/uploads\/2025\/07\/Depositphotos_825308914_S.jpg\" \/>\n\t<meta property=\"og:image:width\" content=\"1000\" \/>\n\t<meta property=\"og:image:height\" content=\"748\" \/>\n\t<meta property=\"og:image:type\" content=\"image\/jpeg\" \/>\n<meta name=\"twitter:card\" content=\"summary_large_image\" \/>\n<script type=\"application\/ld+json\" class=\"yoast-schema-graph\">{\"@context\":\"https:\\\/\\\/schema.org\",\"@graph\":[{\"@type\":\"WebPage\",\"@id\":\"https:\\\/\\\/eauprime.com\\\/en\\\/careers\\\/\",\"url\":\"https:\\\/\\\/eauprime.com\\\/en\\\/careers\\\/\",\"name\":\"Rejoignez Eauprime \u00e0 Montr\u00e9al et contribuez au traitement de l\u2019eau\",\"isPartOf\":{\"@id\":\"https:\\\/\\\/eauprime.com\\\/en\\\/#website\"},\"primaryImageOfPage\":{\"@id\":\"https:\\\/\\\/eauprime.com\\\/en\\\/careers\\\/#primaryimage\"},\"image\":{\"@id\":\"https:\\\/\\\/eauprime.com\\\/en\\\/careers\\\/#primaryimage\"},\"thumbnailUrl\":\"https:\\\/\\\/eauprime.com\\\/wp-content\\\/uploads\\\/2025\\\/07\\\/Depositphotos_825308914_S.jpg\",\"datePublished\":\"2025-07-21T13:40:20+00:00\",\"dateModified\":\"2026-03-24T17:17:03+00:00\",\"description\":\"Rejoignez Eauprime \u00e0 Montr\u00e9al et b\u00e2tissez une carri\u00e8re enrichissante au sein d\u2019une \u00e9quipe qui valorise croissance, innovation et collaboration.\",\"breadcrumb\":{\"@id\":\"https:\\\/\\\/eauprime.com\\\/en\\\/careers\\\/#breadcrumb\"},\"inLanguage\":\"en-CA\",\"potentialAction\":[{\"@type\":\"ReadAction\",\"target\":[\"https:\\\/\\\/eauprime.com\\\/en\\\/careers\\\/\"]}]},{\"@type\":\"ImageObject\",\"inLanguage\":\"en-CA\",\"@id\":\"https:\\\/\\\/eauprime.com\\\/en\\\/careers\\\/#primaryimage\",\"url\":\"https:\\\/\\\/eauprime.com\\\/wp-content\\\/uploads\\\/2025\\\/07\\\/Depositphotos_825308914_S.jpg\",\"contentUrl\":\"https:\\\/\\\/eauprime.com\\\/wp-content\\\/uploads\\\/2025\\\/07\\\/Depositphotos_825308914_S.jpg\"},{\"@type\":\"BreadcrumbList\",\"@id\":\"https:\\\/\\\/eauprime.com\\\/en\\\/careers\\\/#breadcrumb\",\"itemListElement\":[{\"@type\":\"ListItem\",\"position\":1,\"name\":\"Home\",\"item\":\"https:\\\/\\\/eauprime.com\\\/en\\\/\"},{\"@type\":\"ListItem\",\"position\":2,\"name\":\"Careers\"}]},{\"@type\":\"WebSite\",\"@id\":\"https:\\\/\\\/eauprime.com\\\/en\\\/#website\",\"url\":\"https:\\\/\\\/eauprime.com\\\/en\\\/\",\"name\":\"Eauprime\",\"description\":\"\",\"publisher\":{\"@id\":\"https:\\\/\\\/eauprime.com\\\/en\\\/#organization\"},\"potentialAction\":[{\"@type\":\"SearchAction\",\"target\":{\"@type\":\"EntryPoint\",\"urlTemplate\":\"https:\\\/\\\/eauprime.com\\\/en\\\/?s={search_term_string}\"},\"query-input\":{\"@type\":\"PropertyValueSpecification\",\"valueRequired\":true,\"valueName\":\"search_term_string\"}}],\"inLanguage\":\"en-CA\"},{\"@type\":\"Organization\",\"@id\":\"https:\\\/\\\/eauprime.com\\\/en\\\/#organization\",\"name\":\"Eauprime\",\"url\":\"https:\\\/\\\/eauprime.com\\\/en\\\/\",\"logo\":{\"@type\":\"ImageObject\",\"inLanguage\":\"en-CA\",\"@id\":\"https:\\\/\\\/eauprime.com\\\/en\\\/#\\\/schema\\\/logo\\\/image\\\/\",\"url\":\"https:\\\/\\\/eauprime.com\\\/wp-content\\\/uploads\\\/2023\\\/10\\\/logo_eauprime.png\",\"contentUrl\":\"https:\\\/\\\/eauprime.com\\\/wp-content\\\/uploads\\\/2023\\\/10\\\/logo_eauprime.png\",\"width\":778,\"height\":259,\"caption\":\"Eauprime\"},\"image\":{\"@id\":\"https:\\\/\\\/eauprime.com\\\/en\\\/#\\\/schema\\\/logo\\\/image\\\/\"}}]}<\/script>\n<!-- \/ Yoast SEO plugin. -->","yoast_head_json":{"title":"Rejoignez Eauprime \u00e0 Montr\u00e9al et contribuez au traitement de l\u2019eau","description":"Rejoignez Eauprime \u00e0 Montr\u00e9al et b\u00e2tissez une carri\u00e8re enrichissante au sein d\u2019une \u00e9quipe qui valorise croissance, innovation et collaboration.","robots":{"index":"index","follow":"follow","max-snippet":"max-snippet:-1","max-image-preview":"max-image-preview:large","max-video-preview":"max-video-preview:-1"},"canonical":"https:\/\/eauprime.com\/en\/careers\/","og_locale":"en_US","og_type":"article","og_title":"Rejoignez Eauprime \u00e0 Montr\u00e9al et contribuez au traitement de l\u2019eau","og_description":"Rejoignez Eauprime \u00e0 Montr\u00e9al et b\u00e2tissez une carri\u00e8re enrichissante au sein d\u2019une \u00e9quipe qui valorise croissance, innovation et collaboration.","og_url":"https:\/\/eauprime.com\/en\/careers\/","og_site_name":"Eauprime","article_modified_time":"2026-03-24T17:17:03+00:00","og_image":[{"width":1000,"height":748,"url":"https:\/\/eauprime.com\/wp-content\/uploads\/2025\/07\/Depositphotos_825308914_S.jpg","type":"image\/jpeg"}],"twitter_card":"summary_large_image","schema":{"@context":"https:\/\/schema.org","@graph":[{"@type":"WebPage","@id":"https:\/\/eauprime.com\/en\/careers\/","url":"https:\/\/eauprime.com\/en\/careers\/","name":"Rejoignez Eauprime \u00e0 Montr\u00e9al et contribuez au traitement de l\u2019eau","isPartOf":{"@id":"https:\/\/eauprime.com\/en\/#website"},"primaryImageOfPage":{"@id":"https:\/\/eauprime.com\/en\/careers\/#primaryimage"},"image":{"@id":"https:\/\/eauprime.com\/en\/careers\/#primaryimage"},"thumbnailUrl":"https:\/\/eauprime.com\/wp-content\/uploads\/2025\/07\/Depositphotos_825308914_S.jpg","datePublished":"2025-07-21T13:40:20+00:00","dateModified":"2026-03-24T17:17:03+00:00","description":"Rejoignez Eauprime \u00e0 Montr\u00e9al et b\u00e2tissez une carri\u00e8re enrichissante au sein d\u2019une \u00e9quipe qui valorise croissance, innovation et collaboration.","breadcrumb":{"@id":"https:\/\/eauprime.com\/en\/careers\/#breadcrumb"},"inLanguage":"en-CA","potentialAction":[{"@type":"ReadAction","target":["https:\/\/eauprime.com\/en\/careers\/"]}]},{"@type":"ImageObject","inLanguage":"en-CA","@id":"https:\/\/eauprime.com\/en\/careers\/#primaryimage","url":"https:\/\/eauprime.com\/wp-content\/uploads\/2025\/07\/Depositphotos_825308914_S.jpg","contentUrl":"https:\/\/eauprime.com\/wp-content\/uploads\/2025\/07\/Depositphotos_825308914_S.jpg"},{"@type":"BreadcrumbList","@id":"https:\/\/eauprime.com\/en\/careers\/#breadcrumb","itemListElement":[{"@type":"ListItem","position":1,"name":"Home","item":"https:\/\/eauprime.com\/en\/"},{"@type":"ListItem","position":2,"name":"Careers"}]},{"@type":"WebSite","@id":"https:\/\/eauprime.com\/en\/#website","url":"https:\/\/eauprime.com\/en\/","name":"Eauprime","description":"","publisher":{"@id":"https:\/\/eauprime.com\/en\/#organization"},"potentialAction":[{"@type":"SearchAction","target":{"@type":"EntryPoint","urlTemplate":"https:\/\/eauprime.com\/en\/?s={search_term_string}"},"query-input":{"@type":"PropertyValueSpecification","valueRequired":true,"valueName":"search_term_string"}}],"inLanguage":"en-CA"},{"@type":"Organization","@id":"https:\/\/eauprime.com\/en\/#organization","name":"Eauprime","url":"https:\/\/eauprime.com\/en\/","logo":{"@type":"ImageObject","inLanguage":"en-CA","@id":"https:\/\/eauprime.com\/en\/#\/schema\/logo\/image\/","url":"https:\/\/eauprime.com\/wp-content\/uploads\/2023\/10\/logo_eauprime.png","contentUrl":"https:\/\/eauprime.com\/wp-content\/uploads\/2023\/10\/logo_eauprime.png","width":778,"height":259,"caption":"Eauprime"},"image":{"@id":"https:\/\/eauprime.com\/en\/#\/schema\/logo\/image\/"}}]}},"_links":{"self":[{"href":"https:\/\/eauprime.com\/en\/wp-json\/wp\/v2\/pages\/6347","targetHints":{"allow":["GET"]}}],"collection":[{"href":"https:\/\/eauprime.com\/en\/wp-json\/wp\/v2\/pages"}],"about":[{"href":"https:\/\/eauprime.com\/en\/wp-json\/wp\/v2\/types\/page"}],"author":[{"embeddable":true,"href":"https:\/\/eauprime.com\/en\/wp-json\/wp\/v2\/users\/3"}],"replies":[{"embeddable":true,"href":"https:\/\/eauprime.com\/en\/wp-json\/wp\/v2\/comments?post=6347"}],"version-history":[{"count":3,"href":"https:\/\/eauprime.com\/en\/wp-json\/wp\/v2\/pages\/6347\/revisions"}],"predecessor-version":[{"id":7043,"href":"https:\/\/eauprime.com\/en\/wp-json\/wp\/v2\/pages\/6347\/revisions\/7043"}],"wp:attachment":[{"href":"https:\/\/eauprime.com\/en\/wp-json\/wp\/v2\/media?parent=6347"}],"curies":[{"name":"wp","href":"https:\/\/api.w.org\/{rel}","templated":true}]}}